{"id":319,"date":"2025-07-14T16:21:38","date_gmt":"2025-07-14T12:21:38","guid":{"rendered":"http:\/\/hanscoopper.local\/?post_type=product&#038;p=319"},"modified":"2026-04-09T10:03:53","modified_gmt":"2026-04-09T10:03:53","slug":"hanscoopper-p6045bl-pvd-black-sus304-stainless-steel-kitchen-sink-60x45-cm-deep-single-bowl","status":"publish","type":"product","link":"https:\/\/hanscoopper.com\/de\/produkt\/hanscoopper-p6045bl-pvd-black-sus304-stainless-steel-kitchen-sink-60x45-cm-deep-single-bowl\/","title":{"rendered":"HansCoopper P6045BL Sp\u00fclbecken, Edelstahl, Schwarz"},"content":{"rendered":"<p data-start=\"233\" data-end=\"652\">Das <strong data-start=\"259\" data-end=\"282\">HansCoopper P6045BL<\/strong> ist f\u00fcr Hausbesitzer konzipiert, die sowohl Stil als auch St\u00e4rke in ihrer K\u00fcche w\u00fcnschen. Mit seinem <strong data-start=\"370\" data-end=\"396\">Edelstahl SUS304<\/strong> Bau und <strong data-start=\"414\" data-end=\"426\">60\u00d745 cm<\/strong> Becken, diese mattschwarze Sp\u00fcle bietet gro\u00dfz\u00fcgigen Platz und k\u00fchne moderne \u00c4sthetik. Ideal f\u00fcr vielbesch\u00e4ftigte K\u00fcchen oder professionelle Vorbereitungsbereiche, ist sie f\u00fcr den anspruchsvollen Einsatz konzipiert und veredelt Ihre Arbeitsplatte mit einer hochwertigen Oberfl\u00e4che.<\/p>\n<p data-start=\"654\" data-end=\"840\">Die schlanken inneren Linien und der abgeschr\u00e4gte Sockel sorgen f\u00fcr eine effiziente und schnelle Wasserableitung, w\u00e4hrend die <strong data-start=\"742\" data-end=\"791\">Antikondensations- und schallabsorbierende Beschichtung<\/strong> sorgt f\u00fcr Ruhe und Langlebigkeit unter der Oberfl\u00e4che.<\/p>\n<p data-start=\"842\" data-end=\"859\"><strong data-start=\"842\" data-end=\"859\">Hauptmerkmale:<\/strong><\/p>\n<ul data-start=\"860\" data-end=\"1335\">\n<li data-start=\"860\" data-end=\"935\">\n<p data-start=\"862\" data-end=\"935\"><strong data-start=\"862\" data-end=\"888\">Edelstahl SUS304<\/strong> Hygienisch, langlebig und korrosionsbest\u00e4ndig<\/p>\n<\/li>\n<li data-start=\"936\" data-end=\"1005\">\n<p data-start=\"938\" data-end=\"1005\"><strong data-start=\"938\" data-end=\"965\">Mattschwarze PVD-Beschichtung<\/strong> \u2013 Kratzfest und leicht zu reinigen<\/p>\n<\/li>\n<li data-start=\"1006\" data-end=\"1088\">\n<p data-start=\"1008\" data-end=\"1088\"><strong data-start=\"1008\" data-end=\"1036\">Gro\u00dfz\u00fcgige 600\u00d7450 mm Sch\u00fcssel<\/strong> \u2013 Zus\u00e4tzlicher Platz f\u00fcr gro\u00dfe T\u00f6pfe, Bleche und Vorbereitungsarbeiten<\/p>\n<\/li>\n<li data-start=\"1089\" data-end=\"1173\">\n<p data-start=\"1091\" data-end=\"1173\"><strong data-start=\"1091\" data-end=\"1116\">Professionelle Geometrie<\/strong> \u2013 Schlanke, flache Kanten und ein tiefes Becken f\u00fcr ergonomische Nutzung<\/p>\n<\/li>\n<li data-start=\"1174\" data-end=\"1252\">\n<p data-start=\"1176\" data-end=\"1252\"><strong data-start=\"1176\" data-end=\"1199\">SilentGuard Beschichtung<\/strong> \u2013 Reduziert L\u00e4rm und verhindert Feuchtigkeitsansammlung<\/p>\n<\/li>\n<li data-start=\"1253\" data-end=\"1335\">\n<p data-start=\"1255\" data-end=\"1335\"><strong data-start=\"1255\" data-end=\"1282\">Kompatible Installation<\/strong> \u2013 Geeignet f\u00fcr Aufsatz- und Unterbauinstallationen<\/p>\n<\/li>\n<\/ul>","protected":false},"excerpt":{"rendered":"<p>The HansCoopper P6045BL is designed for homeowners who want both style and strength in their kitchen. With its SUS304 stainless steel construction and 60&#215;45 cm basin, this matte black sink offers generous space and bold modern aesthetics. Ideal for busy kitchens or professional prep areas, it\u2019s engineered to handle demanding use while enhancing your countertop [&hellip;]<\/p>\n","protected":false},"featured_media":646,"comment_status":"closed","ping_status":"closed","template":"","meta":[],"product_brand":[],"product_cat":[18],"product_tag":[],"class_list":{"0":"post-319","1":"product","2":"type-product","3":"status-publish","4":"has-post-thumbnail","6":"product_cat-kitchen-sinks","8":"first","9":"instock","10":"shipping-taxable","11":"purchasable","12":"product-type-simple"},"_links":{"self":[{"href":"https:\/\/hanscoopper.com\/de\/wp-json\/wp\/v2\/product\/319","targetHints":{"allow":["GET"]}}],"collection":[{"href":"https:\/\/hanscoopper.com\/de\/wp-json\/wp\/v2\/product"}],"about":[{"href":"https:\/\/hanscoopper.com\/de\/wp-json\/wp\/v2\/types\/product"}],"replies":[{"embeddable":true,"href":"https:\/\/hanscoopper.com\/de\/wp-json\/wp\/v2\/comments?post=319"}],"wp:featuredmedia":[{"embeddable":true,"href":"https:\/\/hanscoopper.com\/de\/wp-json\/wp\/v2\/media\/646"}],"wp:attachment":[{"href":"https:\/\/hanscoopper.com\/de\/wp-json\/wp\/v2\/media?parent=319"}],"wp:term":[{"taxonomy":"product_brand","embeddable":true,"href":"https:\/\/hanscoopper.com\/de\/wp-json\/wp\/v2\/product_brand?post=319"},{"taxonomy":"product_cat","embeddable":true,"href":"https:\/\/hanscoopper.com\/de\/wp-json\/wp\/v2\/product_cat?post=319"},{"taxonomy":"product_tag","embeddable":true,"href":"https:\/\/hanscoopper.com\/de\/wp-json\/wp\/v2\/product_tag?post=319"}],"curies":[{"name":"wp","href":"https:\/\/api.w.org\/{rel}","templated":true}]}}