{"id":406,"date":"2026-04-08T19:32:05","date_gmt":"2026-04-08T15:32:05","guid":{"rendered":"http:\/\/hanscoopper.local\/?page_id=406"},"modified":"2026-04-08T19:32:05","modified_gmt":"2026-04-08T15:32:05","slug":"imprint","status":"publish","type":"page","link":"https:\/\/hanscoopper.com\/de\/imprint\/","title":{"rendered":"Impressum"},"content":{"rendered":"<p><strong>Rechtliche Hinweise (Impressum)<\/strong><\/p>\n\n\n\n<p>Informationen gem\u00e4\u00df \u00a7 5 TMG (Telemediengesetz):<\/p>\n\n\n\n<p><strong>HansCoopper GmbH<\/strong><br>Industriestra\u00dfe 12<br>90451 N\u00fcrnberg<br>Deutschland<\/p>\n\n\n\n<p><strong>Vertreten durch:<\/strong><br>Hans Mueller (<em>M\u00fcller<\/em>)<\/p>\n\n\n\n<p><strong>Kontakt:<\/strong><br>Telefon: +49 911 1240590<br>E-Mail:&nbsp;<a target=\"_blank\" rel=\"noreferrer noopener\" href=\"https:\/\/www.google.com\/url?sa=E&amp;q=mailto%3Ainfo%40hanscoopper.com\">info@hanscoopper.com<\/a><br>Webseite&nbsp;<a target=\"_blank\" rel=\"noreferrer noopener\" href=\"https:\/\/www.google.com\/url?sa=E&amp;q=http%3A%2F%2Fwww.hanscoopper.com\">www.hanscoopper.com<\/a><\/p>\n\n\n\n<p><strong>Beilegung von Streitigkeiten:<\/strong><br>Die Europ\u00e4ische Kommission stellt eine Plattform f\u00fcr die Online-Streitbeilegung (OS) bereit:\u00a0<a href=\"https:\/\/www.google.com\/url?sa=E&amp;q=https%3A%2F%2Fec.europa.eu%2Fconsumers%2Fodr\" target=\"_blank\" rel=\"noreferrer noopener\">https:\/\/ec.europa.eu\/consumers\/odr<\/a>.<br>Unsere E-Mail finden Sie im Impressum.<br>Wir nehmen nicht an Online-Streibeilegungsverfahren bei Verbraucherschlichtungsstellen teil.<\/p>\n\n\n\n<p><strong>Haftung f\u00fcr Inhalte:<\/strong><br>Als Diensteanbieter sind wir gem\u00e4\u00df \u00a7 7 Abs.1 TMG f\u00fcr eigene Inhalte auf diesen Seiten nach den allgemeinen Gesetzen verantwortlich. Nach \u00a7\u00a7 8 bis 10 TMG sind wir als Diensteanbieter jedoch nicht verpflichtet, \u00fcbermittelte oder gespeicherte fremde Informationen zu \u00fcberwachen oder nach Umst\u00e4nden zu forschen, die auf eine rechtswidrige T\u00e4tigkeit hinweisen.<\/p>\n\n\n\n<p><\/p>","protected":false},"excerpt":{"rendered":"<p>Legal Disclosure (Impressum) Information in accordance with \u00a7 5 TMG (Telemediengesetz): HansCoopper GmbHIndustriestra\u00dfe 1290451 N\u00fcrnbergDeutschland Represented by:Hans Mueller (M\u00fcller) Contact:Phone: +49 911 1240590Email:&nbsp;info@hanscoopper.comWebsite:&nbsp;www.hanscoopper.com Dispute Resolution:The European Commission provides a platform for online dispute resolution (OS):\u00a0https:\/\/ec.europa.eu\/consumers\/odr.Please find our email in the impressum\/legal notice.We do not take part in online dispute resolutions at consumer arbitration boards. Liability [&hellip;]<\/p>\n","protected":false},"author":2,"featured_media":0,"parent":0,"menu_order":0,"comment_status":"closed","ping_status":"closed","template":"","meta":{"footnotes":""},"class_list":["post-406","page","type-page","status-publish","hentry"],"_links":{"self":[{"href":"https:\/\/hanscoopper.com\/de\/wp-json\/wp\/v2\/pages\/406","targetHints":{"allow":["GET"]}}],"collection":[{"href":"https:\/\/hanscoopper.com\/de\/wp-json\/wp\/v2\/pages"}],"about":[{"href":"https:\/\/hanscoopper.com\/de\/wp-json\/wp\/v2\/types\/page"}],"author":[{"embeddable":true,"href":"https:\/\/hanscoopper.com\/de\/wp-json\/wp\/v2\/users\/2"}],"replies":[{"embeddable":true,"href":"https:\/\/hanscoopper.com\/de\/wp-json\/wp\/v2\/comments?post=406"}],"version-history":[{"count":0,"href":"https:\/\/hanscoopper.com\/de\/wp-json\/wp\/v2\/pages\/406\/revisions"}],"wp:attachment":[{"href":"https:\/\/hanscoopper.com\/de\/wp-json\/wp\/v2\/media?parent=406"}],"curies":[{"name":"wp","href":"https:\/\/api.w.org\/{rel}","templated":true}]}}